{"id":10690,"date":"2015-11-12T11:39:10","date_gmt":"2015-11-12T10:39:10","guid":{"rendered":"https:\/\/www.scandbook.com\/products\/"},"modified":"2024-02-05T11:58:25","modified_gmt":"2024-02-05T10:58:25","slug":"produkte","status":"publish","type":"page","link":"https:\/\/www.scandbook.com\/de\/produkte-und-services\/produkte\/","title":{"rendered":"Produkte"},"content":{"rendered":"\n\n<style type=\"text\/css\" data-created_by=\"avia_inline_auto\" id=\"style-css-av-av_one_full-f1f88be822a74ccd78731c222cb053c2\">\n.flex_column.av-av_one_full-f1f88be822a74ccd78731c222cb053c2{\nborder-radius:0px 0px 0px 0px;\npadding:0px 0px 0px 0px;\n}\n<\/style>\n<div  class='flex_column av-av_one_full-f1f88be822a74ccd78731c222cb053c2 av_one_full  avia-builder-el-1  el_after_av_codeblock  el_before_av_one_half  first flex_column_div av-zero-column-padding  '     ><section  class='av_textblock_section av-av_textblock-7a1af7d8f9790576b1769c0a9f0449ed '   itemscope=\"itemscope\" itemtype=\"https:\/\/schema.org\/CreativeWork\" ><div class='avia_textblock'  itemprop=\"text\" ><h2>Produkt\u00fcbersicht<\/h2>\n<p>Scandbook ist auf die Herstellung von B\u00fcchern mit Hard- und Softcover in verschiedenen Gr\u00f6\u00dfen und mit verschiedenen Einbandarten spezialisiert.<\/p>\n<\/div><\/section><\/div>\n<div class='flex_column_table av-av_one_half-e6f3205cdab8443691b21aeb66c4ec58 sc-av_one_half av-equal-height-column-flextable'>\n<style type=\"text\/css\" data-created_by=\"avia_inline_auto\" id=\"style-css-av-av_one_half-e6f3205cdab8443691b21aeb66c4ec58\">\n.flex_column.av-av_one_half-e6f3205cdab8443691b21aeb66c4ec58{\nborder-width:1px;\nborder-style:solid;\nborder-radius:2px 2px 2px 2px;\npadding:20px 20px 20px 20px;\nbackground-color:#ffffff;\n}\n<\/style>\n<div  class='flex_column av-av_one_half-e6f3205cdab8443691b21aeb66c4ec58 av_one_half  avia-builder-el-3  el_after_av_one_full  el_before_av_one_half  first flex_column_table_cell av-equal-height-column av-align-top  column-top-margin'     ><section  class='av_textblock_section av-av_textblock-7a1af7d8f9790576b1769c0a9f0449ed '   itemscope=\"itemscope\" itemtype=\"https:\/\/schema.org\/CreativeWork\" ><div class='avia_textblock'  itemprop=\"text\" ><h3>Hardcover mit Schutzumschlag<\/h3>\n<p><a href=\"https:\/\/www.scandbook.com\/wp-content\/uploads\/2023\/03\/dust-jacket-book.webp\"><img loading=\"lazy\" decoding=\"async\" class=\"alignnone wp-image-10409 size-portfolio\" src=\"https:\/\/www.scandbook.com\/wp-content\/uploads\/2023\/03\/dust-jacket-book-495x400.webp\" alt=\"Hardcover mit Schutzumschlag.\" width=\"495\" height=\"400\" \/><\/a><\/p>\n<p>Ein gebundenes Hardcover-Buch mit farbigem (z. B. Efalin) oder bedrucktem Papier. Das Buch ist mit einem Schutzumschlag versehen, der in der Regel vierfarbig bedruckt ist.<\/p>\n<\/div><\/section><\/div>\n<div class='av-flex-placeholder'><\/div>\n<style type=\"text\/css\" data-created_by=\"avia_inline_auto\" id=\"style-css-av-av_one_half-6152978bc31568f153a0ba4420fd203e\">\n.flex_column.av-av_one_half-6152978bc31568f153a0ba4420fd203e{\nborder-width:1px;\nborder-style:solid;\nborder-radius:2px 2px 2px 2px;\npadding:20px 20px 20px 20px;\nbackground-color:#ffffff;\n}\n<\/style>\n<div  class='flex_column av-av_one_half-6152978bc31568f153a0ba4420fd203e av_one_half  avia-builder-el-5  el_after_av_one_half  el_before_av_one_half  flex_column_table_cell av-equal-height-column av-align-top  column-top-margin'     ><section  class='av_textblock_section av-av_textblock-7a1af7d8f9790576b1769c0a9f0449ed '   itemscope=\"itemscope\" itemtype=\"https:\/\/schema.org\/CreativeWork\" ><div class='avia_textblock'  itemprop=\"text\" ><h3>Hardcover<\/h3>\n<p><a href=\"https:\/\/www.scandbook.com\/wp-content\/uploads\/2023\/03\/hard-cover-book.webp\"><img loading=\"lazy\" decoding=\"async\" class=\"alignnone wp-image-10413 size-portfolio\" src=\"https:\/\/www.scandbook.com\/wp-content\/uploads\/2023\/03\/hard-cover-book-495x400.webp\" alt=\"Hardcover-Buch\" width=\"495\" height=\"400\" \/><\/a><\/p>\n<p>Ein gebundenes Hardcover-Buch mit bedrucktem Papier, das auf den Einband geklebt ist.<\/p>\n<\/div><\/section><\/div><\/div><!--close column table wrapper. Autoclose: 1 -->\n<div class='flex_column_table av-av_one_half-e6f3205cdab8443691b21aeb66c4ec58 sc-av_one_half av-equal-height-column-flextable'>\n<style type=\"text\/css\" data-created_by=\"avia_inline_auto\" id=\"style-css-av-av_one_half-e6f3205cdab8443691b21aeb66c4ec58\">\n.flex_column.av-av_one_half-e6f3205cdab8443691b21aeb66c4ec58{\nborder-width:1px;\nborder-style:solid;\nborder-radius:2px 2px 2px 2px;\npadding:20px 20px 20px 20px;\nbackground-color:#ffffff;\n}\n<\/style>\n<div  class='flex_column av-av_one_half-e6f3205cdab8443691b21aeb66c4ec58 av_one_half  avia-builder-el-7  el_after_av_one_half  el_before_av_one_half  first flex_column_table_cell av-equal-height-column av-align-top  column-top-margin'     ><section  class='av_textblock_section av-lgbvbyip-cd5d32742045079d5ff8384861fb462b '   itemscope=\"itemscope\" itemtype=\"https:\/\/schema.org\/CreativeWork\" ><div class='avia_textblock'  itemprop=\"text\" ><h3>Softcover und Taschenbuch<\/h3>\n<p><a href=\"https:\/\/www.scandbook.com\/wp-content\/uploads\/2023\/03\/soft-cover-book.webp\"><img loading=\"lazy\" decoding=\"async\" class=\"alignnone wp-image-10417 size-portfolio\" src=\"https:\/\/www.scandbook.com\/wp-content\/uploads\/2023\/03\/soft-cover-book-495x400.webp\" alt=\"Softcover und Paperback\" width=\"495\" height=\"400\" \/><\/a><\/p>\n<p>Das Softcover hat keinen festen Einband; der Einband ist auf beschichtetem Karton gedruckt und hat ein Fl\u00e4chengewicht von 240 Gramm.<br \/>\nDas Paperback hat ein einfacheres Papier und einen etwas d\u00fcnneren beschichteten Karton mit einem Fl\u00e4chengewicht von 220 Gramm. Wir optimieren die Materialauswahl, um ein m\u00f6glichst kosteng\u00fcnstiges Produkt herzustellen.<\/p>\n<\/div><\/section><\/div>\n<div class='av-flex-placeholder'><\/div>\n<style type=\"text\/css\" data-created_by=\"avia_inline_auto\" id=\"style-css-av-av_one_half-6152978bc31568f153a0ba4420fd203e\">\n.flex_column.av-av_one_half-6152978bc31568f153a0ba4420fd203e{\nborder-width:1px;\nborder-style:solid;\nborder-radius:2px 2px 2px 2px;\npadding:20px 20px 20px 20px;\nbackground-color:#ffffff;\n}\n<\/style>\n<div  class='flex_column av-av_one_half-6152978bc31568f153a0ba4420fd203e av_one_half  avia-builder-el-9  el_after_av_one_half  el_before_av_hr  flex_column_table_cell av-equal-height-column av-align-top  column-top-margin'     ><section  class='av_textblock_section av-lgbvcb3d-4dc453e3a0d5cf107f6b55299d929aaa '   itemscope=\"itemscope\" itemtype=\"https:\/\/schema.org\/CreativeWork\" ><div class='avia_textblock'  itemprop=\"text\" ><h3>Softcover und Taschenbuch mit Klappen<\/h3>\n<p><a href=\"https:\/\/www.scandbook.com\/wp-content\/uploads\/2023\/03\/cover-with-flaps-book.webp\"><img loading=\"lazy\" decoding=\"async\" class=\"alignnone wp-image-10405 size-portfolio\" title=\"Softcover and Paperback with flaps\" src=\"https:\/\/www.scandbook.com\/wp-content\/uploads\/2023\/03\/cover-with-flaps-book-495x400.webp\" alt=\"Softcover und Paperback mit Klappen\" width=\"495\" height=\"400\" \/><\/a><\/p>\n<p>Softcover und Taschenbuch k\u00f6nnen auch Klappen enthalten.<\/p>\n<\/div><\/section><\/div><\/div><!--close column table wrapper. Autoclose: 1 -->\n<div  class='hr av-av_hr-91d7ccd583a503147498e120fee2ff9b hr-default  avia-builder-el-11  el_after_av_one_half  el_before_av_one_third '><span class='hr-inner '><span class=\"hr-inner-style\"><\/span><\/span><\/div>\n<div  class='flex_column av-av_one_third-7714eba142aeda1f8b5272a3c372b279 av_one_third  avia-builder-el-12  el_after_av_hr  el_before_av_one_third  first flex_column_div  '     ><style type=\"text\/css\" data-created_by=\"avia_inline_auto\" id=\"style-css-av-lgbvfr0u-e39ca893dfa4cdcb15530e29149e28a8\">\n.iconbox.av-lgbvfr0u-e39ca893dfa4cdcb15530e29149e28a8 .iconbox_icon{\nbackground-color:#0072bc;\nborder:1px solid #0072bc;\n}\n#top #wrap_all .iconbox.av-lgbvfr0u-e39ca893dfa4cdcb15530e29149e28a8 .iconbox_content_title{\ncolor:#0072bc;\n}\n<\/style>\n<article  class='iconbox iconbox_left av-lgbvfr0u-e39ca893dfa4cdcb15530e29149e28a8  avia-builder-el-13  avia-builder-el-no-sibling '  itemscope=\"itemscope\" itemtype=\"https:\/\/schema.org\/CreativeWork\" ><div class=\"iconbox_content\"><header class=\"entry-content-header\" aria-label=\"Icon: STANDARDFARBEN\"><div class='iconbox_icon heading-color avia-iconfont avia-font-entypo-fontello' data-av_icon='\ue8a4' data-av_iconfont='entypo-fontello'  ><\/div><h3 class='iconbox_content_title '  itemprop=\"headline\" >STANDARDFARBEN<\/h3><\/header><div class='iconbox_content_container '  itemprop=\"text\" ><p>Bitte beachten Sie, dass die Farben je nach Bildschirm variieren k\u00f6nnen.<\/p>\n<p><a href=\"http:\/\/www.scandbook.com\/standard-mat\/geltex\/index-de.html\" class=\"popup\" data-width=\"1240\" data-height=\"960\" data-scrollbars=\"1\" alt=\"popup\">Geltex<\/a><a href=\"http:\/\/www.scandbook.com\/standard-mat\/ryggfolie\/index-de.html\" class=\"popup\" data-width=\"1024\" data-height=\"960\" data-scrollbars=\"1\" alt=\"popup\">Wirbels\u00e4ulenfolie<\/a><a href=\"http:\/\/www.scandbook.com\/standard-mat\/kapitalband\/index-de.html\" class=\"popup\" data-width=\"1200\" data-height=\"960\" data-scrollbars=\"1\" alt=\"popup\">Kopf- und Schwanzb\u00e4nder<\/a><\/p>\n<\/div><\/div><footer class=\"entry-footer\"><\/footer><\/article><\/div>\n<div  class='flex_column av-av_one_third-f1c518e9ff58e869f80c8f093487abc9 av_one_third  avia-builder-el-14  el_after_av_one_third  el_before_av_one_third  flex_column_div  '     ><style type=\"text\/css\" data-created_by=\"avia_inline_auto\" id=\"style-css-av-lg4payh8-a1660126d266d61efc8598d767a9b6c9\">\n.iconbox.av-lg4payh8-a1660126d266d61efc8598d767a9b6c9 .iconbox_icon{\nbackground-color:#0072bc;\nborder:1px solid #0072bc;\n}\n#top #wrap_all .iconbox.av-lg4payh8-a1660126d266d61efc8598d767a9b6c9 .iconbox_content_title{\ncolor:#0072bc;\n}\n<\/style>\n<article  class='iconbox iconbox_left av-lg4payh8-a1660126d266d61efc8598d767a9b6c9  avia-builder-el-15  avia-builder-el-no-sibling '  itemscope=\"itemscope\" itemtype=\"https:\/\/schema.org\/CreativeWork\" ><div class=\"iconbox_content\"><header class=\"entry-content-header\" aria-label=\"Icon: STANDARDFORMATE\"><div class='iconbox_icon heading-color avia-iconfont avia-font-entypo-fontello' data-av_icon='\ue849' data-av_iconfont='entypo-fontello'  ><\/div><h3 class='iconbox_content_title '  itemprop=\"headline\" >STANDARDFORMATE<\/h3><\/header><div class='iconbox_content_container '  itemprop=\"text\" ><p>In unserem Bestreben, kosteng\u00fcnstige, optimierte Produkte herzustellen, konzentrieren wir uns auf eine begrenzte Anzahl von Standardformaten.<\/p>\n<p><a href=\"https:\/\/www.scandbook.com\/produkte-und-services\/produkte\/standardformate\/?lang=de\">\u00bb Erfahren Sie mehr<\/a><\/p>\n<\/div><\/div><footer class=\"entry-footer\"><\/footer><\/article><\/div><div  class='flex_column av-av_one_third-f1c518e9ff58e869f80c8f093487abc9 av_one_third  avia-builder-el-16  el_after_av_one_third  avia-builder-el-last  flex_column_div  '     ><style type=\"text\/css\" data-created_by=\"avia_inline_auto\" id=\"style-css-av-lg4pbj4z-272182eca04da060cbe5d061c8087823\">\n.iconbox.av-lg4pbj4z-272182eca04da060cbe5d061c8087823 .iconbox_icon{\nbackground-color:#0072bc;\nborder:1px solid #0072bc;\n}\n#top #wrap_all .iconbox.av-lg4pbj4z-272182eca04da060cbe5d061c8087823 .iconbox_content_title{\ncolor:#0072bc;\n}\n<\/style>\n<article  class='iconbox iconbox_left av-lg4pbj4z-272182eca04da060cbe5d061c8087823  avia-builder-el-17  avia-builder-el-no-sibling '  itemscope=\"itemscope\" itemtype=\"https:\/\/schema.org\/CreativeWork\" ><div class=\"iconbox_content\"><header class=\"entry-content-header\" aria-label=\"Icon: OPTIMIERTE UMF\u00c4NGE\"><div class='iconbox_icon heading-color avia-iconfont avia-font-entypo-fontello' data-av_icon='\ue855' data-av_iconfont='entypo-fontello'  ><\/div><h3 class='iconbox_content_title '  itemprop=\"headline\" >OPTIMIERTE UMF\u00c4NGE<\/h3><\/header><div class='iconbox_content_container '  itemprop=\"text\" ><p>Um Ihr Produkt zu optimieren, sollte es aus Standardmaterialien und in einer Gr\u00f6\u00dfe hergestellt werden, die die Menge an Schnittabfall minimiert. Um Ihnen zu helfen, Ihr Produkt zu optimieren, m\u00f6chten wir Ihnen so fr\u00fch wie m\u00f6glich Vorschl\u00e4ge f\u00fcr die Produktion machen.<\/p>\n<p><a href=\"https:\/\/www.scandbook.com\/produkte-und-services\/produkte\/optimierte-umfaenge\/?lang=de\">\u00bb Erfahren Sie mehr<\/a><\/p>\n<\/div><\/div><footer class=\"entry-footer\"><\/footer><\/article><\/div><\/p>\n","protected":false},"excerpt":{"rendered":"","protected":false},"author":9,"featured_media":0,"parent":11052,"menu_order":11,"comment_status":"closed","ping_status":"closed","template":"","meta":{"footnotes":""},"class_list":["post-10690","page","type-page","status-publish","hentry"],"yoast_head":"<!-- This site is optimized with the Yoast SEO Premium plugin v27.4 (Yoast SEO v27.4) - https:\/\/yoast.com\/product\/yoast-seo-premium-wordpress\/ -->\n<title>Produkte - ScandBook<\/title>\n<meta name=\"description\" content=\"Scandbook specialises in the production of hard\/soft cover books of various sizes and with cover options.\" \/>\n<meta name=\"robots\" content=\"index, follow, max-snippet:-1, max-image-preview:large, max-video-preview:-1\" \/>\n<link rel=\"canonical\" href=\"https:\/\/www.scandbook.com\/de\/produkte-und-services\/produkte\/\" \/>\n<meta property=\"og:locale\" content=\"de_DE\" \/>\n<meta property=\"og:type\" content=\"article\" \/>\n<meta property=\"og:title\" content=\"Produkte\" \/>\n<meta property=\"og:description\" content=\"Scandbook specialises in the production of hard\/soft cover books of various sizes and with cover options.\" \/>\n<meta property=\"og:url\" content=\"https:\/\/www.scandbook.com\/de\/produkte-und-services\/produkte\/\" \/>\n<meta property=\"og:site_name\" content=\"ScandBook\" \/>\n<meta property=\"article:publisher\" content=\"https:\/\/www.facebook.com\/profile.php?id=100063569394878&amp;sk=about&amp;locale=sv_SE\" \/>\n<meta property=\"article:modified_time\" content=\"2024-02-05T10:58:25+00:00\" \/>\n<meta property=\"og:image\" content=\"https:\/\/www.scandbook.com\/wp-content\/uploads\/2023\/03\/dust-jacket-book-495x400.webp\" \/>\n<meta name=\"twitter:card\" content=\"summary_large_image\" \/>\n<meta name=\"twitter:label1\" content=\"Gesch\u00e4tzte Lesezeit\" \/>\n\t<meta name=\"twitter:data1\" content=\"2\u00a0Minuten\" \/>\n<script type=\"application\/ld+json\" class=\"yoast-schema-graph\">{\"@context\":\"https:\\\/\\\/schema.org\",\"@graph\":[{\"@type\":\"WebPage\",\"@id\":\"https:\\\/\\\/www.scandbook.com\\\/de\\\/produkte-und-services\\\/produkte\\\/\",\"url\":\"https:\\\/\\\/www.scandbook.com\\\/de\\\/produkte-und-services\\\/produkte\\\/\",\"name\":\"Produkte - ScandBook\",\"isPartOf\":{\"@id\":\"https:\\\/\\\/www.scandbook.com\\\/de\\\/#website\"},\"primaryImageOfPage\":{\"@id\":\"https:\\\/\\\/www.scandbook.com\\\/de\\\/produkte-und-services\\\/produkte\\\/#primaryimage\"},\"image\":{\"@id\":\"https:\\\/\\\/www.scandbook.com\\\/de\\\/produkte-und-services\\\/produkte\\\/#primaryimage\"},\"thumbnailUrl\":\"https:\\\/\\\/www.scandbook.com\\\/wp-content\\\/uploads\\\/2023\\\/03\\\/dust-jacket-book-495x400.webp\",\"datePublished\":\"2015-11-12T10:39:10+00:00\",\"dateModified\":\"2024-02-05T10:58:25+00:00\",\"description\":\"Scandbook specialises in the production of hard\\\/soft cover books of various sizes and with cover options.\",\"breadcrumb\":{\"@id\":\"https:\\\/\\\/www.scandbook.com\\\/de\\\/produkte-und-services\\\/produkte\\\/#breadcrumb\"},\"inLanguage\":\"de\",\"potentialAction\":[{\"@type\":\"ReadAction\",\"target\":[\"https:\\\/\\\/www.scandbook.com\\\/de\\\/produkte-und-services\\\/produkte\\\/\"]}]},{\"@type\":\"ImageObject\",\"inLanguage\":\"de\",\"@id\":\"https:\\\/\\\/www.scandbook.com\\\/de\\\/produkte-und-services\\\/produkte\\\/#primaryimage\",\"url\":\"https:\\\/\\\/www.scandbook.com\\\/wp-content\\\/uploads\\\/2023\\\/03\\\/dust-jacket-book-495x400.webp\",\"contentUrl\":\"https:\\\/\\\/www.scandbook.com\\\/wp-content\\\/uploads\\\/2023\\\/03\\\/dust-jacket-book-495x400.webp\"},{\"@type\":\"BreadcrumbList\",\"@id\":\"https:\\\/\\\/www.scandbook.com\\\/de\\\/produkte-und-services\\\/produkte\\\/#breadcrumb\",\"itemListElement\":[{\"@type\":\"ListItem\",\"position\":1,\"name\":\"Home\",\"item\":\"https:\\\/\\\/www.scandbook.com\\\/de\\\/\"},{\"@type\":\"ListItem\",\"position\":2,\"name\":\"Produkte und Services\",\"item\":\"https:\\\/\\\/www.scandbook.com\\\/de\\\/produkte-und-services\\\/?lang=de\"},{\"@type\":\"ListItem\",\"position\":3,\"name\":\"Produkte\"}]},{\"@type\":\"WebSite\",\"@id\":\"https:\\\/\\\/www.scandbook.com\\\/de\\\/#website\",\"url\":\"https:\\\/\\\/www.scandbook.com\\\/de\\\/\",\"name\":\"ScandBook\",\"description\":\"Skandinaviens f\u00fchrende Druckerei\",\"publisher\":{\"@id\":\"https:\\\/\\\/www.scandbook.com\\\/de\\\/#organization\"},\"potentialAction\":[{\"@type\":\"SearchAction\",\"target\":{\"@type\":\"EntryPoint\",\"urlTemplate\":\"https:\\\/\\\/www.scandbook.com\\\/de\\\/?s={search_term_string}\"},\"query-input\":{\"@type\":\"PropertyValueSpecification\",\"valueRequired\":true,\"valueName\":\"search_term_string\"}}],\"inLanguage\":\"de\"},{\"@type\":\"Organization\",\"@id\":\"https:\\\/\\\/www.scandbook.com\\\/de\\\/#organization\",\"name\":\"ScandBook\",\"url\":\"https:\\\/\\\/www.scandbook.com\\\/de\\\/\",\"logo\":{\"@type\":\"ImageObject\",\"inLanguage\":\"de\",\"@id\":\"https:\\\/\\\/www.scandbook.com\\\/de\\\/#\\\/schema\\\/logo\\\/image\\\/\",\"url\":\"https:\\\/\\\/www.scandbook.com\\\/wp-content\\\/uploads\\\/2023\\\/05\\\/scandbook-funding-climate-action.webp\",\"contentUrl\":\"https:\\\/\\\/www.scandbook.com\\\/wp-content\\\/uploads\\\/2023\\\/05\\\/scandbook-funding-climate-action.webp\",\"width\":256,\"height\":88,\"caption\":\"ScandBook\"},\"image\":{\"@id\":\"https:\\\/\\\/www.scandbook.com\\\/de\\\/#\\\/schema\\\/logo\\\/image\\\/\"},\"sameAs\":[\"https:\\\/\\\/www.facebook.com\\\/profile.php?id=100063569394878&sk=about&locale=sv_SE\",\"https:\\\/\\\/www.linkedin.com\\\/company\\\/scandbook-ab\\\/\"]}]}<\/script>\n<!-- \/ Yoast SEO Premium plugin. -->","yoast_head_json":{"title":"Produkte - ScandBook","description":"Scandbook specialises in the production of hard\/soft cover books of various sizes and with cover options.","robots":{"index":"index","follow":"follow","max-snippet":"max-snippet:-1","max-image-preview":"max-image-preview:large","max-video-preview":"max-video-preview:-1"},"canonical":"https:\/\/www.scandbook.com\/de\/produkte-und-services\/produkte\/","og_locale":"de_DE","og_type":"article","og_title":"Produkte","og_description":"Scandbook specialises in the production of hard\/soft cover books of various sizes and with cover options.","og_url":"https:\/\/www.scandbook.com\/de\/produkte-und-services\/produkte\/","og_site_name":"ScandBook","article_publisher":"https:\/\/www.facebook.com\/profile.php?id=100063569394878&sk=about&locale=sv_SE","article_modified_time":"2024-02-05T10:58:25+00:00","og_image":[{"url":"https:\/\/www.scandbook.com\/wp-content\/uploads\/2023\/03\/dust-jacket-book-495x400.webp","type":"","width":"","height":""}],"twitter_card":"summary_large_image","twitter_misc":{"Gesch\u00e4tzte Lesezeit":"2\u00a0Minuten"},"schema":{"@context":"https:\/\/schema.org","@graph":[{"@type":"WebPage","@id":"https:\/\/www.scandbook.com\/de\/produkte-und-services\/produkte\/","url":"https:\/\/www.scandbook.com\/de\/produkte-und-services\/produkte\/","name":"Produkte - ScandBook","isPartOf":{"@id":"https:\/\/www.scandbook.com\/de\/#website"},"primaryImageOfPage":{"@id":"https:\/\/www.scandbook.com\/de\/produkte-und-services\/produkte\/#primaryimage"},"image":{"@id":"https:\/\/www.scandbook.com\/de\/produkte-und-services\/produkte\/#primaryimage"},"thumbnailUrl":"https:\/\/www.scandbook.com\/wp-content\/uploads\/2023\/03\/dust-jacket-book-495x400.webp","datePublished":"2015-11-12T10:39:10+00:00","dateModified":"2024-02-05T10:58:25+00:00","description":"Scandbook specialises in the production of hard\/soft cover books of various sizes and with cover options.","breadcrumb":{"@id":"https:\/\/www.scandbook.com\/de\/produkte-und-services\/produkte\/#breadcrumb"},"inLanguage":"de","potentialAction":[{"@type":"ReadAction","target":["https:\/\/www.scandbook.com\/de\/produkte-und-services\/produkte\/"]}]},{"@type":"ImageObject","inLanguage":"de","@id":"https:\/\/www.scandbook.com\/de\/produkte-und-services\/produkte\/#primaryimage","url":"https:\/\/www.scandbook.com\/wp-content\/uploads\/2023\/03\/dust-jacket-book-495x400.webp","contentUrl":"https:\/\/www.scandbook.com\/wp-content\/uploads\/2023\/03\/dust-jacket-book-495x400.webp"},{"@type":"BreadcrumbList","@id":"https:\/\/www.scandbook.com\/de\/produkte-und-services\/produkte\/#breadcrumb","itemListElement":[{"@type":"ListItem","position":1,"name":"Home","item":"https:\/\/www.scandbook.com\/de\/"},{"@type":"ListItem","position":2,"name":"Produkte und Services","item":"https:\/\/www.scandbook.com\/de\/produkte-und-services\/?lang=de"},{"@type":"ListItem","position":3,"name":"Produkte"}]},{"@type":"WebSite","@id":"https:\/\/www.scandbook.com\/de\/#website","url":"https:\/\/www.scandbook.com\/de\/","name":"ScandBook","description":"Skandinaviens f\u00fchrende Druckerei","publisher":{"@id":"https:\/\/www.scandbook.com\/de\/#organization"},"potentialAction":[{"@type":"SearchAction","target":{"@type":"EntryPoint","urlTemplate":"https:\/\/www.scandbook.com\/de\/?s={search_term_string}"},"query-input":{"@type":"PropertyValueSpecification","valueRequired":true,"valueName":"search_term_string"}}],"inLanguage":"de"},{"@type":"Organization","@id":"https:\/\/www.scandbook.com\/de\/#organization","name":"ScandBook","url":"https:\/\/www.scandbook.com\/de\/","logo":{"@type":"ImageObject","inLanguage":"de","@id":"https:\/\/www.scandbook.com\/de\/#\/schema\/logo\/image\/","url":"https:\/\/www.scandbook.com\/wp-content\/uploads\/2023\/05\/scandbook-funding-climate-action.webp","contentUrl":"https:\/\/www.scandbook.com\/wp-content\/uploads\/2023\/05\/scandbook-funding-climate-action.webp","width":256,"height":88,"caption":"ScandBook"},"image":{"@id":"https:\/\/www.scandbook.com\/de\/#\/schema\/logo\/image\/"},"sameAs":["https:\/\/www.facebook.com\/profile.php?id=100063569394878&sk=about&locale=sv_SE","https:\/\/www.linkedin.com\/company\/scandbook-ab\/"]}]}},"_links":{"self":[{"href":"https:\/\/www.scandbook.com\/de\/wp-json\/wp\/v2\/pages\/10690","targetHints":{"allow":["GET"]}}],"collection":[{"href":"https:\/\/www.scandbook.com\/de\/wp-json\/wp\/v2\/pages"}],"about":[{"href":"https:\/\/www.scandbook.com\/de\/wp-json\/wp\/v2\/types\/page"}],"author":[{"embeddable":true,"href":"https:\/\/www.scandbook.com\/de\/wp-json\/wp\/v2\/users\/9"}],"replies":[{"embeddable":true,"href":"https:\/\/www.scandbook.com\/de\/wp-json\/wp\/v2\/comments?post=10690"}],"version-history":[{"count":7,"href":"https:\/\/www.scandbook.com\/de\/wp-json\/wp\/v2\/pages\/10690\/revisions"}],"predecessor-version":[{"id":12269,"href":"https:\/\/www.scandbook.com\/de\/wp-json\/wp\/v2\/pages\/10690\/revisions\/12269"}],"up":[{"embeddable":true,"href":"https:\/\/www.scandbook.com\/de\/wp-json\/wp\/v2\/pages\/11052"}],"wp:attachment":[{"href":"https:\/\/www.scandbook.com\/de\/wp-json\/wp\/v2\/media?parent=10690"}],"curies":[{"name":"wp","href":"https:\/\/api.w.org\/{rel}","templated":true}]}}